{"id":288,"date":"2024-12-18T20:56:37","date_gmt":"2024-12-18T20:56:37","guid":{"rendered":"https:\/\/jardinsexpress.pt\/?page_id=288"},"modified":"2024-12-18T20:59:42","modified_gmt":"2024-12-18T20:59:42","slug":"politica-de-privacidade","status":"publish","type":"page","link":"https:\/\/jardinsexpress.pt\/index.php\/politica-de-privacidade\/","title":{"rendered":"Politica de Privacidade"},"content":{"rendered":"\t\t<div data-elementor-type=\"wp-page\" data-elementor-id=\"288\" class=\"elementor elementor-288\">\n\t\t\t\t<div class=\"elementor-element elementor-element-6bcdd784 e-flex e-con-boxed e-con e-parent\" data-id=\"6bcdd784\" data-element_type=\"container\" data-e-type=\"container\">\n\t\t\t\t\t<div class=\"e-con-inner\">\n\t\t\t\t<div class=\"elementor-element elementor-element-7ceaa1ea elementor-widget elementor-widget-text-editor\" data-id=\"7ceaa1ea\" data-element_type=\"widget\" data-e-type=\"widget\" data-widget_type=\"text-editor.default\">\n\t\t\t\t<div class=\"elementor-widget-container\">\n\t\t\t\t\t\t\t\t\t\n<div class=\"sc-DNdyV kHvBhb\">\n<div id=\"row-1a5a073a\" class=\"sc-imABML cyRDnj\">\n<div class=\"sc-fONwsr fqYvJU\">\n<div class=\"sc-DNdyV jCaafl\">\n<div id=\"text-headline-3af6a08c\" class=\"sc-kUaPvJ bCPLTN\">\n<p dir=\"ltr\"><strong>Pol\u00edtica de Privacidade<\/strong><\/p>\n<\/div>\n<\/div>\n<div class=\"sc-jWxkHr cnfLfJ\">\n<div id=\"text-b7d684f4\" class=\"sc-kUaPvJ lhYIhY\">\n<div>\n<p dir=\"ltr\"><strong>Esta pol\u00edtica de privacidade governa a maneira com a qual o website coleta, utiliza, mant\u00e9m e divulga as informa\u00e7\u00f5es coletadas dos usu\u00e1rios (cada \u201cUsu\u00e1rio\u201d) deste website (\u201cSite\u201d). Esta pol\u00edtica de privacidade se aplica ao Site e a todos os produtos e servi\u00e7os oferecidos pela empresa.<\/strong><\/p>\n<\/div>\n<\/div>\n<\/div>\n<\/div>\n<\/div>\n<\/div>\n<div class=\"sc-DNdyV kHvBhb\">\n<div id=\"row-f54a3952\" class=\"sc-imABML hGMxmX\">\n<div class=\"sc-fONwsr fqYvJU\">\n<div class=\"sc-jWxkHr hPpQod\">\n<div id=\"text-284b7aa6\" class=\"sc-kUaPvJ lhYIhY\">\n<div>\n<p dir=\"ltr\"><strong>Informa\u00e7\u00f5es de identifica\u00e7\u00e3o pessoal<\/strong><\/p>\n<\/div>\n<\/div>\n<\/div>\n<div class=\"sc-jWxkHr cnfLfJ\">\n<div id=\"text-0fbaf8bf\" class=\"sc-kUaPvJ lhYIhY\">\n<div>\n<p dir=\"ltr\"><strong>N\u00f3s podemos coletar informa\u00e7\u00f5es pessoais de identifica\u00e7\u00e3o dos Usu\u00e1rios de diversas maneiras, incluindo, mas n\u00e3o limitado a, quando os Usu\u00e1rios visitam nosso site, registram-se no site, assinam a newsletter e quando se conectam a outras atividades, funcionalidades ou recursos que disponibilizamos em nosso Site. Pode ser solicitado aos Usu\u00e1rios, quando apropriado, o endere\u00e7o de e-mail. Contudo, os usu\u00e1rios podem visitar o nosso site de maneira an\u00f4nima. N\u00f3s vamos coletar informa\u00e7\u00f5es de identifica\u00e7\u00e3o pessoal dos Usu\u00e1rios apenas se eles se voluntariarem a submeter essas informa\u00e7\u00f5es. Os Usu\u00e1rios sempre podem recusar a submeterem tais informa\u00e7\u00f5es de identifica\u00e7\u00e3o pessoal, exceto quando isso o previne de usar certas atividades relacionadas ao Site.<\/strong><\/p>\n<\/div>\n<\/div>\n<\/div>\n<\/div>\n<\/div>\n<\/div>\n<div class=\"sc-DNdyV kHvBhb\">\n<div id=\"row-06982e0d\" class=\"sc-imABML lhOVwH\">\n<div class=\"sc-fONwsr fqYvJU\">\n<div class=\"sc-jWxkHr cnfLfJ\">\n<div id=\"text-f1d71546\" class=\"sc-kUaPvJ lhYIhY\">\n<div>\n<p dir=\"ltr\"><strong>Informa\u00e7\u00f5es de identifica\u00e7\u00e3o n\u00e3o-pessoais<\/strong><\/p>\n<\/div>\n<\/div>\n<\/div>\n<\/div>\n<\/div>\n<\/div>\n<div class=\"sc-DNdyV kHvBhb\">\n<div id=\"row-a57ea719\" class=\"sc-imABML dmYdgZ\">\n<div class=\"sc-fONwsr fqYvJU\">\n<div class=\"sc-jWxkHr cnfLfJ\">\n<div id=\"text-1c7a5866\" class=\"sc-kUaPvJ lhYIhY\">\n<div>\n<p dir=\"ltr\"><strong>Podemos coletar informa\u00e7\u00f5es de identifica\u00e7\u00e3o n\u00e3o-pessoais sobre os Usu\u00e1rios sempre que eles interagirem com o nosso Site. Informa\u00e7\u00f5es de identifica\u00e7\u00e3o n\u00e3o-pessoais podem incluir o nome do navegador, o tipo de computador e informa\u00e7\u00f5es t\u00e9cnicas sobre os meios de conex\u00e3o do Usu\u00e1rio ao nosso Site, tais como sistema operacional e provedores de Internet utilizado, e outras informa\u00e7\u00f5es similares.<\/strong><\/p>\n<\/div>\n<\/div>\n<\/div>\n<\/div>\n<\/div>\n<\/div>\n<div class=\"sc-DNdyV kHvBhb\">\n<div id=\"row-171e7cc1\" class=\"sc-imABML lhOVwH\">\n<div class=\"sc-fONwsr fqYvJU\">\n<div class=\"sc-jWxkHr cnfLfJ\">\n<div id=\"text-6f41d23c\" class=\"sc-kUaPvJ lhYIhY\">\n<div>\n<p dir=\"ltr\"><strong>Cookies do navegador<\/strong><\/p>\n<\/div>\n<\/div>\n<\/div>\n<\/div>\n<\/div>\n<\/div>\n<div class=\"sc-DNdyV kHvBhb\">\n<div id=\"row-2cbae082\" class=\"sc-imABML lhOVwH\">\n<div class=\"sc-fONwsr fqYvJU\">\n<div class=\"sc-jWxkHr cnfLfJ\">\n<div id=\"text-e55c0261\" class=\"sc-kUaPvJ lhYIhY\">\n<div>\n<p dir=\"ltr\"><strong>O nosso site pode utilizar &#8216;cookies&#8217; para melhorar a experi\u00eancia do Usu\u00e1rio. O navegador do Usu\u00e1rio insere cookies no disco r\u00edgido deles para prop\u00f3sitos de grava\u00e7\u00e3o e algumas vezes para rastrear informa\u00e7\u00f5es sobre eles. O Usu\u00e1rio pode escolher configurar o navegador deles para recusar utilizar os cookies, ou alertar quando os cookies estiverem sendo enviados. Se isso acontecer, perceba que algumas partes do Site pode n\u00e3o funcionar corretamente<\/strong><\/p>\n<\/div>\n<\/div>\n<\/div>\n<\/div>\n<\/div>\n<\/div>\n<div class=\"sc-DNdyV kHvBhb\">\n<div id=\"row-66a7247d\" class=\"sc-imABML lhOVwH\">\n<div class=\"sc-fONwsr fqYvJU\">\n<div class=\"sc-jWxkHr cnfLfJ\">\n<div id=\"text-f086639c\" class=\"sc-kUaPvJ lhYIhY\">\n<div>\n<p dir=\"ltr\"><strong>Como n\u00f3s utilizamos as informa\u00e7\u00f5es coletadas<\/strong><\/p>\n<\/div>\n<\/div>\n<\/div>\n<\/div>\n<\/div>\n<\/div>\n<div class=\"sc-DNdyV kHvBhb\">\n<div id=\"row-b86ce22b\" class=\"sc-imABML gbbsXs\">\n<div class=\"sc-fONwsr fqYvJU\">\n<div class=\"sc-jWxkHr cnfLfJ\">\n<div id=\"text-644eb2f3\" class=\"sc-kUaPvJ lhYIhY\">\n<div>\n<p dir=\"ltr\"><strong>A empresa pode coletar e utilizar informa\u00e7\u00f5es pessoais dos Usu\u00e1rios para os seguintes prop\u00f3sitos:<\/strong><\/p>\n<\/div>\n<\/div>\n<\/div>\n<\/div>\n<\/div>\n<\/div>\n<div class=\"sc-DNdyV kHvBhb\">\n<div id=\"row-fbd67f5a\" class=\"sc-imABML jcCHPL\">\n<div class=\"sc-fONwsr fqYvJU\">\n<div class=\"sc-DNdyV jvhYFh\">\n<div class=\"sc-eIHaNI yiJYq\">\n<div id=\"bullet-list-6f257842\" class=\"sc-kUaPvJ halFhM\">\n<div>\n<ul>\n<li><strong><i class=\"fas fa-check\"><\/i><em>Para melhorar o servi\u00e7o ao consumidor<\/em><\/strong><\/li>\n<\/ul>\n<\/div>\n<\/div>\n<\/div>\n<\/div>\n<div class=\"sc-jWxkHr cnfLfJ\">\n<div id=\"text-fe870d4b\" class=\"sc-kUaPvJ lhYIhY\">\n<div>\n<p dir=\"ltr\"><strong>As informa\u00e7\u00f5es que voc\u00ea fornece nos ajuda a responder a sua requisi\u00e7\u00e3o de servi\u00e7o ao consumidor e a sua necessidade de atendimento de maneira mais eficiente.<\/strong><\/p>\n<\/div>\n<\/div>\n<\/div>\n<div class=\"sc-DNdyV jvhYFh\">\n<div class=\"sc-eIHaNI OWxiv\">\n<div id=\"bullet-list-87b7d810\" class=\"sc-kUaPvJ halFhM\">\n<div>\n<ul>\n<li><strong><i class=\"fas fa-check\"><\/i><em>Para personalizar a experi\u00eancia de usu\u00e1rio<\/em><\/strong><\/li>\n<\/ul>\n<\/div>\n<\/div>\n<\/div>\n<\/div>\n<div class=\"sc-jWxkHr cnfLfJ\">\n<div id=\"text-a6eeded4\" class=\"sc-kUaPvJ lhYIhY\">\n<div>\n<p dir=\"ltr\"><strong>Podemos utilizar as informa\u00e7\u00f5es agregadas para entender como nossos Usu\u00e1rios, como um grupo, utiliza os servi\u00e7os e recursos providenciados em nosso Site.<\/strong><\/p>\n<\/div>\n<\/div>\n<\/div>\n<div class=\"sc-DNdyV jvhYFh\">\n<div class=\"sc-eIHaNI OWxiv\">\n<div id=\"bullet-list-93437694\" class=\"sc-kUaPvJ halFhM\">\n<div>\n<ul>\n<li><strong><i class=\"fas fa-check\"><\/i><em>Para enviar e-mails peri\u00f3dicos<\/em><\/strong><\/li>\n<\/ul>\n<\/div>\n<\/div>\n<\/div>\n<\/div>\n<div class=\"sc-jWxkHr cnfLfJ\">\n<div id=\"text-1b18aefb\" class=\"sc-kUaPvJ lhYIhY\">\n<div>\n<p dir=\"ltr\"><strong>N\u00f3s podemos utilizar o endere\u00e7o de e-mail para enviar informa\u00e7\u00f5es e atualiza\u00e7\u00f5es para o Usu\u00e1rio, pertinente ao pedido deles. Tamb\u00e9m pode ser utilizado para responder as suas solicita\u00e7\u00f5es, d\u00favidas e\/ou outras requisi\u00e7\u00f5es. Se o Usu\u00e1rio decidir se cadastrar na nossa lista de e-mails, eles v\u00e3o receber e-mails que incluem not\u00edcias da empresa, atualiza\u00e7\u00f5es, informa\u00e7\u00f5es relacionadas ao produto ou servi\u00e7o, etc. Se, em qualquer hor\u00e1rio, desejar cancelar a sua inscri\u00e7\u00e3o para os e-mails futuros, n\u00f3s inclu\u00edmos instru\u00e7\u00f5es detalhadas para o cancelamento da inscri\u00e7\u00e3o na parte inferior de cada e-mail, ou o Usu\u00e1rio pode entrar em contato conosco via o nosso Site.<\/strong><\/p>\n<\/div>\n<\/div>\n<\/div>\n<\/div>\n<\/div>\n<\/div>\n<div class=\"sc-DNdyV kHvBhb\">\n<div id=\"row-8ab8c000\" class=\"sc-imABML lhOVwH\">\n<div class=\"sc-fONwsr fqYvJU\">\n<div class=\"sc-jWxkHr cnfLfJ\">\n<div id=\"text-e080d440\" class=\"sc-kUaPvJ lhYIhY\">\n<div>\n<p dir=\"ltr\"><strong>Como n\u00f3s protegemos a sua informa\u00e7\u00e3o<\/strong><\/p>\n<\/div>\n<\/div>\n<\/div>\n<\/div>\n<\/div>\n<\/div>\n<div class=\"sc-DNdyV kHvBhb\">\n<div id=\"row-d6332452\" class=\"sc-imABML lhOVwH\">\n<div class=\"sc-fONwsr fqYvJU\">\n<div class=\"sc-jWxkHr cnfLfJ\">\n<div id=\"text-799ff0b2\" class=\"sc-kUaPvJ lhYIhY\">\n<div>\n<p dir=\"ltr\"><strong>N\u00f3s adotamos, coletamos, armazenamos e processamos pr\u00e1ticas e medidas de seguran\u00e7as apropriadas, para proteger contra acesso n\u00e3o-autorizado, altera\u00e7\u00f5es, divulga\u00e7\u00f5es ou destrui\u00e7\u00e3o das suas informa\u00e7\u00f5es pessoais, nome de usu\u00e1rio, senha, informa\u00e7\u00f5es de transa\u00e7\u00e3o e os dados armazenados em nosso Site.<\/strong><\/p>\n<\/div>\n<\/div>\n<\/div>\n<\/div>\n<\/div>\n<\/div>\n<div class=\"sc-DNdyV kHvBhb\">\n<div id=\"row-be2fbbd9\" class=\"sc-imABML lhOVwH\">\n<div class=\"sc-fONwsr fqYvJU\">\n<div class=\"sc-jWxkHr cnfLfJ\">\n<div id=\"text-d531250c\" class=\"sc-kUaPvJ lhYIhY\">\n<div>\n<p dir=\"ltr\"><strong>Compartilhando a sua informa\u00e7\u00e3o pessoal<\/strong><\/p>\n<\/div>\n<\/div>\n<\/div>\n<\/div>\n<\/div>\n<\/div>\n<div class=\"sc-DNdyV kHvBhb\">\n<div id=\"row-f9418a22\" class=\"sc-imABML lhOVwH\">\n<div class=\"sc-fONwsr fqYvJU\">\n<div class=\"sc-jWxkHr cnfLfJ\">\n<div id=\"text-32e6be5a\" class=\"sc-kUaPvJ lhYIhY\">\n<div>\n<p dir=\"ltr\"><strong>N\u00f3s n\u00e3o vendemos, trocamos ou alugamentos informa\u00e7\u00f5es de identifica\u00e7\u00e3o pessoal para outros. Podemos compartilhar informa\u00e7\u00f5es gen\u00e9ricas agregadas de informa\u00e7\u00f5es demogr\u00e1ficas que n\u00e3o est\u00e3o vinculadas a quaisquer informa\u00e7\u00f5es de identifica\u00e7\u00e3o pessoal sobre os visitantes e usu\u00e1rios com os nossos parceiros de neg\u00f3cios, afiliados de confian\u00e7a e anunciantes para os prop\u00f3sitos destacados acima.<\/strong><\/p>\n<\/div>\n<\/div>\n<\/div>\n<\/div>\n<\/div>\n<\/div>\n<div class=\"sc-DNdyV kHvBhb\">\n<div id=\"row-f6694e33\" class=\"sc-imABML lhOVwH\">\n<div class=\"sc-fONwsr fqYvJU\">\n<div class=\"sc-jWxkHr cnfLfJ\">\n<div id=\"text-8c42f32a\" class=\"sc-kUaPvJ lhYIhY\">\n<div>\n<p dir=\"ltr\"><strong>Websites de terceiros<\/strong><\/p>\n<\/div>\n<\/div>\n<\/div>\n<\/div>\n<\/div>\n<\/div>\n<div class=\"sc-DNdyV kHvBhb\">\n<div id=\"row-5f3b9dbd\" class=\"sc-imABML lhOVwH\">\n<div class=\"sc-fONwsr fqYvJU\">\n<div class=\"sc-jWxkHr cnfLfJ\">\n<div id=\"text-4b2b91ae\" class=\"sc-kUaPvJ lhYIhY\">\n<div>\n<p dir=\"ltr\"><strong>Os usu\u00e1rios podem encontrar an\u00fancios ou outros conte\u00fados em nosso Site que vincula aos sites e servi\u00e7os de nossos parceiros, fornecedores, anunciantes, patrocinadores e outros tipos de terceiros. N\u00f3s n\u00e3o controlamos o conte\u00fado ou links que aparecem nesses sites e n\u00f3s n\u00e3o somos respons\u00e1veis pelas pr\u00e1ticas empregadas por esses websites vinculados para ou em nosso Site. Adicionalmente, esses sites ou servi\u00e7os, incluindo o seu conte\u00fado e links, podem estar em constante mudan\u00e7a. Esses sites e servi\u00e7os podem possuir sua pr\u00f3pria pol\u00edtica de privacidade e de servi\u00e7os ao cliente. Navegar e interagir em quaisquer outros websites, incluindo websites quais possuem um link para o nosso Site, est\u00e1 sujeito aos termos e pol\u00edticas do mesmo.<\/strong><\/p>\n<\/div>\n<\/div>\n<\/div>\n<\/div>\n<\/div>\n<\/div>\n<div class=\"sc-DNdyV kHvBhb\">\n<div id=\"row-3c85cde7\" class=\"sc-imABML lhOVwH\">\n<div class=\"sc-fONwsr fqYvJU\">\n<div class=\"sc-jWxkHr cnfLfJ\">\n<div id=\"text-3098fbbf\" class=\"sc-kUaPvJ lhYIhY\">\n<div>\n<p dir=\"ltr\"><strong>Mudan\u00e7as nesta pol\u00edtica de privacidade<\/strong><\/p>\n<\/div>\n<\/div>\n<\/div>\n<\/div>\n<\/div>\n<\/div>\n<div class=\"sc-DNdyV kHvBhb\">\n<div id=\"row-abd32441\" class=\"sc-imABML lhOVwH\">\n<div class=\"sc-fONwsr fqYvJU\">\n<div class=\"sc-jWxkHr cnfLfJ\">\n<div id=\"text-4fc69409\" class=\"sc-kUaPvJ lhYIhY\">\n<div>\n<p dir=\"ltr\"><strong>A empresa pode alterar e atualizar esta pol\u00edtica de privacidade ao seu crit\u00e9rio e tempo. Quando fizermos, n\u00f3s revisaremos a data de atualiza\u00e7\u00e3o no fim desta p\u00e1gina. N\u00f3s encorajamos os Usu\u00e1rios para verificarem frequentemente est\u00e1 pagina, para ficarem informados sobre quais mudan\u00e7as e tamb\u00e9m sobre como n\u00f3s estamos ajudando a proteger as informa\u00e7\u00f5es pessoais que coletamos. \u00c9 de seu conhecimento concordar em revisar esta pol\u00edtica de privacidade periodicamente e ficar ciente das modifica\u00e7\u00f5es.<\/strong><\/p>\n<\/div>\n<\/div>\n<\/div>\n<\/div>\n<\/div>\n<\/div>\n<div class=\"sc-DNdyV kHvBhb\">\n<div id=\"row-2a783685\" class=\"sc-imABML lhOVwH\">\n<div class=\"sc-fONwsr fqYvJU\">\n<div class=\"sc-jWxkHr cnfLfJ\">\n<div id=\"text-69c382c4\" class=\"sc-kUaPvJ lhYIhY\">\n<div>\n<p dir=\"ltr\"><strong>Seu aceite destes termos<\/strong><\/p>\n<\/div>\n<\/div>\n<\/div>\n<\/div>\n<\/div>\n<\/div>\n<div class=\"sc-DNdyV kHvBhb\">\n<div id=\"row-450c1fc1\" class=\"sc-imABML lhOVwH\">\n<div class=\"sc-fONwsr fqYvJU\">\n<div class=\"sc-jWxkHr cnfLfJ\">\n<div id=\"text-781a6981\" class=\"sc-kUaPvJ lhYIhY\">\n<div>\n<p dir=\"ltr\"><strong>Ao utilizar este Site, voc\u00ea atesta o aceite desta pol\u00edtica. Se voc\u00ea n\u00e3o concorda com esta pol\u00edtica, por favor n\u00e3o utilize o nosso Site. Seu uso continuado do Site seguindo a postagem de mudan\u00e7as nesta pol\u00edtica ser\u00e1 considerada como um aceite para estas altera\u00e7\u00f5es.<\/strong><\/p>\n<\/div>\n<\/div>\n<\/div>\n<\/div>\n<\/div>\n<\/div>\n\n<p>\u00a0<\/p>\t\t\t\t\t\t\t\t<\/div>\n\t\t\t\t<\/div>\n\t\t\t\t\t<\/div>\n\t\t\t\t<\/div>\n\t\t\t\t<\/div>\n\t\t","protected":false},"excerpt":{"rendered":"<p>Pol\u00edtica de Privacidade Esta pol\u00edtica de privacidade governa a maneira com a qual o website coleta, utiliza, mant\u00e9m e divulga as informa\u00e7\u00f5es coletadas dos usu\u00e1rios (cada \u201cUsu\u00e1rio\u201d) deste website (\u201cSite\u201d). Esta pol\u00edtica de privacidade se aplica ao Site e a todos os produtos e servi\u00e7os oferecidos pela empresa. Informa\u00e7\u00f5es de identifica\u00e7\u00e3o pessoal N\u00f3s podemos coletar [&hellip;]<\/p>\n","protected":false},"author":1,"featured_media":0,"parent":0,"menu_order":0,"comment_status":"closed","ping_status":"closed","template":"elementor_header_footer","meta":{"_themeisle_gutenberg_block_has_review":false,"_joinchat":[],"footnotes":""},"class_list":["post-288","page","type-page","status-publish","hentry"],"aioseo_notices":[],"jetpack_sharing_enabled":true,"_links":{"self":[{"href":"https:\/\/jardinsexpress.pt\/index.php\/wp-json\/wp\/v2\/pages\/288","targetHints":{"allow":["GET"]}}],"collection":[{"href":"https:\/\/jardinsexpress.pt\/index.php\/wp-json\/wp\/v2\/pages"}],"about":[{"href":"https:\/\/jardinsexpress.pt\/index.php\/wp-json\/wp\/v2\/types\/page"}],"author":[{"embeddable":true,"href":"https:\/\/jardinsexpress.pt\/index.php\/wp-json\/wp\/v2\/users\/1"}],"replies":[{"embeddable":true,"href":"https:\/\/jardinsexpress.pt\/index.php\/wp-json\/wp\/v2\/comments?post=288"}],"version-history":[{"count":6,"href":"https:\/\/jardinsexpress.pt\/index.php\/wp-json\/wp\/v2\/pages\/288\/revisions"}],"predecessor-version":[{"id":295,"href":"https:\/\/jardinsexpress.pt\/index.php\/wp-json\/wp\/v2\/pages\/288\/revisions\/295"}],"wp:attachment":[{"href":"https:\/\/jardinsexpress.pt\/index.php\/wp-json\/wp\/v2\/media?parent=288"}],"curies":[{"name":"wp","href":"https:\/\/api.w.org\/{rel}","templated":true}]}}