{"id":282,"date":"2024-12-18T20:51:50","date_gmt":"2024-12-18T20:51:50","guid":{"rendered":"https:\/\/jardinsexpress.pt\/?page_id=282"},"modified":"2024-12-18T20:54:56","modified_gmt":"2024-12-18T20:54:56","slug":"faqs","status":"publish","type":"page","link":"https:\/\/jardinsexpress.pt\/index.php\/faqs\/","title":{"rendered":"FAQ\u00b4S"},"content":{"rendered":"\t\t<div data-elementor-type=\"wp-page\" data-elementor-id=\"282\" class=\"elementor elementor-282\">\n\t\t\t\t<div class=\"elementor-element elementor-element-19a21c86 e-flex e-con-boxed e-con e-parent\" data-id=\"19a21c86\" data-element_type=\"container\" data-e-type=\"container\" data-settings=\"{&quot;background_background&quot;:&quot;classic&quot;}\">\n\t\t\t\t\t<div class=\"e-con-inner\">\n\t\t\t\t<div class=\"elementor-element elementor-element-369cc706 elementor-widget elementor-widget-heading\" data-id=\"369cc706\" data-element_type=\"widget\" data-e-type=\"widget\" data-widget_type=\"heading.default\">\n\t\t\t\t<div class=\"elementor-widget-container\">\n\t\t\t\t\t<h2 class=\"elementor-heading-title elementor-size-default\">Perguntas Frequentes (FAQ)<\/h2>\t\t\t\t<\/div>\n\t\t\t\t<\/div>\n\t\t\t\t\t<\/div>\n\t\t\t\t<\/div>\n\t\t<div class=\"elementor-element elementor-element-256bb535 e-flex e-con-boxed e-con e-parent\" data-id=\"256bb535\" data-element_type=\"container\" data-e-type=\"container\">\n\t\t\t\t\t<div class=\"e-con-inner\">\n\t\t\t\t<div class=\"elementor-element elementor-element-5406db7 elementor-widget elementor-widget-heading\" data-id=\"5406db7\" data-element_type=\"widget\" data-e-type=\"widget\" data-widget_type=\"heading.default\">\n\t\t\t\t<div class=\"elementor-widget-container\">\n\t\t\t\t\t<h2 class=\"elementor-heading-title elementor-size-default\">1. Quais s\u00e3o os servi\u00e7os que a Jardins Express oferece?<\/h2>\t\t\t\t<\/div>\n\t\t\t\t<\/div>\n\t\t\t\t\t<\/div>\n\t\t\t\t<\/div>\n\t\t<div class=\"elementor-element elementor-element-2d8ab454 e-flex e-con-boxed e-con e-parent\" data-id=\"2d8ab454\" data-element_type=\"container\" data-e-type=\"container\">\n\t\t\t\t\t<div class=\"e-con-inner\">\n\t\t\t\t<div class=\"elementor-element elementor-element-179aa3c8 elementor-widget elementor-widget-text-editor\" data-id=\"179aa3c8\" data-element_type=\"widget\" data-e-type=\"widget\" data-widget_type=\"text-editor.default\">\n\t\t\t\t<div class=\"elementor-widget-container\">\n\t\t\t\t\t\t\t\t\t<p><strong>Oferecemos uma vasta gama de servi\u00e7os de jardinagem, incluindo:<\/strong><\/p>\n<ol>\n<li><strong>Design e Constru\u00e7\u00e3o de Jardins<\/strong><\/li>\n<li><strong>Manuten\u00e7\u00e3o de Jardins<\/strong><\/li>\n<li><strong>Instala\u00e7\u00e3o de Relva Sint\u00e9tica<\/strong><\/li>\n<li><strong>Sistemas de Rega Sustent\u00e1vel<\/strong><\/li>\n<li><strong>Recupera\u00e7\u00e3o de Espa\u00e7os Verdes<\/strong><strong style=\"background-color: transparent; font-family: var( --e-global-typography-text-font-family ), Sans-serif; text-align: var(--text-align);\">&nbsp; &nbsp;<\/strong><\/li>\n<\/ol>\n<p><strong><br><\/strong><\/p><p><strong>Cada projeto \u00e9 personalizado para atender \u00e0s necessidades espec\u00edficas dos nossos clientes.<\/strong><\/p>\t\t\t\t\t\t\t\t<\/div>\n\t\t\t\t<\/div>\n\t\t\t\t\t<\/div>\n\t\t\t\t<\/div>\n\t\t<div class=\"elementor-element elementor-element-7d0b4d59 e-flex e-con-boxed e-con e-parent\" data-id=\"7d0b4d59\" data-element_type=\"container\" data-e-type=\"container\">\n\t\t\t\t\t<div class=\"e-con-inner\">\n\t\t\t\t<div class=\"elementor-element elementor-element-27f617e3 elementor-widget elementor-widget-heading\" data-id=\"27f617e3\" data-element_type=\"widget\" data-e-type=\"widget\" data-widget_type=\"heading.default\">\n\t\t\t\t<div class=\"elementor-widget-container\">\n\t\t\t\t\t<h2 class=\"elementor-heading-title elementor-size-default\">2. Como posso pedir um or\u00e7amento?<\/h2>\t\t\t\t<\/div>\n\t\t\t\t<\/div>\n\t\t\t\t\t<\/div>\n\t\t\t\t<\/div>\n\t\t<div class=\"elementor-element elementor-element-43ff7024 e-flex e-con-boxed e-con e-parent\" data-id=\"43ff7024\" data-element_type=\"container\" data-e-type=\"container\">\n\t\t\t\t\t<div class=\"e-con-inner\">\n\t\t\t\t<div class=\"elementor-element elementor-element-a7c341d elementor-widget elementor-widget-text-editor\" data-id=\"a7c341d\" data-element_type=\"widget\" data-e-type=\"widget\" data-widget_type=\"text-editor.default\">\n\t\t\t\t<div class=\"elementor-widget-container\">\n\t\t\t\t\t\t\t\t\t<p><strong>Pode solicitar um or\u00e7amento atrav\u00e9s da nossa p\u00e1gina de Pedido de Or\u00e7amento. Basta preencher o formul\u00e1rio com as informa\u00e7\u00f5es do seu projeto,\u00a0 e nos dizer mais sobre as suas necessidades. Entraremos em contacto com uma proposta detalhada o mais breve poss\u00edvel.<\/strong><\/p>\t\t\t\t\t\t\t\t<\/div>\n\t\t\t\t<\/div>\n\t\t\t\t\t<\/div>\n\t\t\t\t<\/div>\n\t\t<div class=\"elementor-element elementor-element-13131164 e-flex e-con-boxed e-con e-parent\" data-id=\"13131164\" data-element_type=\"container\" data-e-type=\"container\">\n\t\t\t\t\t<div class=\"e-con-inner\">\n\t\t\t\t<div class=\"elementor-element elementor-element-1afc2a7d elementor-widget elementor-widget-heading\" data-id=\"1afc2a7d\" data-element_type=\"widget\" data-e-type=\"widget\" data-widget_type=\"heading.default\">\n\t\t\t\t<div class=\"elementor-widget-container\">\n\t\t\t\t\t<h2 class=\"elementor-heading-title elementor-size-default\">3. Quanto tempo leva para receber o or\u00e7amento?<\/h2>\t\t\t\t<\/div>\n\t\t\t\t<\/div>\n\t\t\t\t\t<\/div>\n\t\t\t\t<\/div>\n\t\t<div class=\"elementor-element elementor-element-3ecfb32a e-flex e-con-boxed e-con e-parent\" data-id=\"3ecfb32a\" data-element_type=\"container\" data-e-type=\"container\">\n\t\t\t\t\t<div class=\"e-con-inner\">\n\t\t\t\t<div class=\"elementor-element elementor-element-33fcf81a elementor-widget elementor-widget-text-editor\" data-id=\"33fcf81a\" data-element_type=\"widget\" data-e-type=\"widget\" data-widget_type=\"text-editor.default\">\n\t\t\t\t<div class=\"elementor-widget-container\">\n\t\t\t\t\t\t\t\t\t<p><strong>Ap\u00f3s o envio do seu pedido de or\u00e7amento, nossa equipa levar\u00e1 entre 1 a 3 dias \u00fateis para preparar uma proposta personalizada. Se for necess\u00e1rio podemos fazer uma reuni\u00e3o via Zoom.<\/strong><\/p>\t\t\t\t\t\t\t\t<\/div>\n\t\t\t\t<\/div>\n\t\t\t\t\t<\/div>\n\t\t\t\t<\/div>\n\t\t<div class=\"elementor-element elementor-element-6af1eb03 e-flex e-con-boxed e-con e-parent\" data-id=\"6af1eb03\" data-element_type=\"container\" data-e-type=\"container\">\n\t\t\t\t\t<div class=\"e-con-inner\">\n\t\t\t\t<div class=\"elementor-element elementor-element-5bdd57e1 elementor-widget elementor-widget-heading\" data-id=\"5bdd57e1\" data-element_type=\"widget\" data-e-type=\"widget\" data-widget_type=\"heading.default\">\n\t\t\t\t<div class=\"elementor-widget-container\">\n\t\t\t\t\t<h2 class=\"elementor-heading-title elementor-size-default\">4. A Jardins Express oferece servi\u00e7os para projetos comerciais?<\/h2>\t\t\t\t<\/div>\n\t\t\t\t<\/div>\n\t\t\t\t\t<\/div>\n\t\t\t\t<\/div>\n\t\t<div class=\"elementor-element elementor-element-5d1cb55 e-flex e-con-boxed e-con e-parent\" data-id=\"5d1cb55\" data-element_type=\"container\" data-e-type=\"container\">\n\t\t\t\t\t<div class=\"e-con-inner\">\n\t\t\t\t<div class=\"elementor-element elementor-element-35232471 elementor-widget elementor-widget-text-editor\" data-id=\"35232471\" data-element_type=\"widget\" data-e-type=\"widget\" data-widget_type=\"text-editor.default\">\n\t\t\t\t<div class=\"elementor-widget-container\">\n\t\t\t\t\t\t\t\t\t<p><strong>Sim! Trabalhamos tanto com projetos residenciais como comerciais. Se precisar de um jardim para o seu neg\u00f3cio, restaurante, hotel ou qualquer outro espa\u00e7o, estamos preparados para oferecer solu\u00e7\u00f5es criativas e profissionais.<\/strong><\/p>\t\t\t\t\t\t\t\t<\/div>\n\t\t\t\t<\/div>\n\t\t\t\t\t<\/div>\n\t\t\t\t<\/div>\n\t\t<div class=\"elementor-element elementor-element-6bbc0e02 e-flex e-con-boxed e-con e-parent\" data-id=\"6bbc0e02\" data-element_type=\"container\" data-e-type=\"container\">\n\t\t\t\t\t<div class=\"e-con-inner\">\n\t\t\t\t<div class=\"elementor-element elementor-element-4bd9627f elementor-widget elementor-widget-heading\" data-id=\"4bd9627f\" data-element_type=\"widget\" data-e-type=\"widget\" data-widget_type=\"heading.default\">\n\t\t\t\t<div class=\"elementor-widget-container\">\n\t\t\t\t\t<h2 class=\"elementor-heading-title elementor-size-default\">5. Os servi\u00e7os de manuten\u00e7\u00e3o s\u00e3o feitos com que frequ\u00eancia?<\/h2>\t\t\t\t<\/div>\n\t\t\t\t<\/div>\n\t\t\t\t\t<\/div>\n\t\t\t\t<\/div>\n\t\t<div class=\"elementor-element elementor-element-c6292c5 e-flex e-con-boxed e-con e-parent\" data-id=\"c6292c5\" data-element_type=\"container\" data-e-type=\"container\">\n\t\t\t\t\t<div class=\"e-con-inner\">\n\t\t\t\t<div class=\"elementor-element elementor-element-199e64c0 elementor-widget elementor-widget-text-editor\" data-id=\"199e64c0\" data-element_type=\"widget\" data-e-type=\"widget\" data-widget_type=\"text-editor.default\">\n\t\t\t\t<div class=\"elementor-widget-container\">\n\t\t\t\t\t\t\t\t\t<p><strong>Oferecemos planos de manuten\u00e7\u00e3o personalizados, que podem ser mensais, trimestrais ou anuais, dependendo das necessidades do seu jardim. Podemos incluir poda, corte de relva, limpeza e outros servi\u00e7os, conforme necess\u00e1rio.<\/strong><\/p>\t\t\t\t\t\t\t\t<\/div>\n\t\t\t\t<\/div>\n\t\t\t\t\t<\/div>\n\t\t\t\t<\/div>\n\t\t<div class=\"elementor-element elementor-element-3c3cd7a0 e-flex e-con-boxed e-con e-parent\" data-id=\"3c3cd7a0\" data-element_type=\"container\" data-e-type=\"container\">\n\t\t\t\t\t<div class=\"e-con-inner\">\n\t\t\t\t<div class=\"elementor-element elementor-element-1bf777ed elementor-widget elementor-widget-heading\" data-id=\"1bf777ed\" data-element_type=\"widget\" data-e-type=\"widget\" data-widget_type=\"heading.default\">\n\t\t\t\t<div class=\"elementor-widget-container\">\n\t\t\t\t\t<h2 class=\"elementor-heading-title elementor-size-default\">6. Quais s\u00e3o os benef\u00edcios da relva sint\u00e9tica?<\/h2>\t\t\t\t<\/div>\n\t\t\t\t<\/div>\n\t\t\t\t\t<\/div>\n\t\t\t\t<\/div>\n\t\t<div class=\"elementor-element elementor-element-126c3199 e-flex e-con-boxed e-con e-parent\" data-id=\"126c3199\" data-element_type=\"container\" data-e-type=\"container\">\n\t\t\t\t\t<div class=\"e-con-inner\">\n\t\t\t\t<div class=\"elementor-element elementor-element-1af7f477 elementor-widget elementor-widget-text-editor\" data-id=\"1af7f477\" data-element_type=\"widget\" data-e-type=\"widget\" data-widget_type=\"text-editor.default\">\n\t\t\t\t<div class=\"elementor-widget-container\">\n\t\t\t\t\t\t\t\t\t<p><strong>A relva sint\u00e9tica \u00e9 uma excelente op\u00e7\u00e3o para quem procura praticidade e est\u00e9tica. Ela exige pouca manuten\u00e7\u00e3o, n\u00e3o precisa de rega e permanece verde o ano todo, tornando-a uma escolha sustent\u00e1vel e econ\u00f4mica a longo prazo.<\/strong><\/p>\t\t\t\t\t\t\t\t<\/div>\n\t\t\t\t<\/div>\n\t\t\t\t\t<\/div>\n\t\t\t\t<\/div>\n\t\t<div class=\"elementor-element elementor-element-53699300 e-flex e-con-boxed e-con e-parent\" data-id=\"53699300\" data-element_type=\"container\" data-e-type=\"container\">\n\t\t\t\t\t<div class=\"e-con-inner\">\n\t\t\t\t<div class=\"elementor-element elementor-element-4b1d8a33 elementor-widget elementor-widget-heading\" data-id=\"4b1d8a33\" data-element_type=\"widget\" data-e-type=\"widget\" data-widget_type=\"heading.default\">\n\t\t\t\t<div class=\"elementor-widget-container\">\n\t\t\t\t\t<h2 class=\"elementor-heading-title elementor-size-default\">7. O que est\u00e1 inclu\u00eddo na instala\u00e7\u00e3o de sistemas de rega?<\/h2>\t\t\t\t<\/div>\n\t\t\t\t<\/div>\n\t\t\t\t\t<\/div>\n\t\t\t\t<\/div>\n\t\t<div class=\"elementor-element elementor-element-2bfaa5fe e-flex e-con-boxed e-con e-parent\" data-id=\"2bfaa5fe\" data-element_type=\"container\" data-e-type=\"container\">\n\t\t\t\t\t<div class=\"e-con-inner\">\n\t\t\t\t<div class=\"elementor-element elementor-element-46eb8f4c elementor-widget elementor-widget-text-editor\" data-id=\"46eb8f4c\" data-element_type=\"widget\" data-e-type=\"widget\" data-widget_type=\"text-editor.default\">\n\t\t\t\t<div class=\"elementor-widget-container\">\n\t\t\t\t\t\t\t\t\t<p><strong>A instala\u00e7\u00e3o de sistemas de rega inclui o planeamento do layout de rega, a escolha dos melhores equipamentos, a instala\u00e7\u00e3o e a configura\u00e7\u00e3o do sistema, garantindo que a \u00e1gua seja distribu\u00edda de maneira eficiente e sustent\u00e1vel, economizando recursos e tempo.<\/strong><\/p>\t\t\t\t\t\t\t\t<\/div>\n\t\t\t\t<\/div>\n\t\t\t\t\t<\/div>\n\t\t\t\t<\/div>\n\t\t<div class=\"elementor-element elementor-element-63242eaf e-flex e-con-boxed e-con e-parent\" data-id=\"63242eaf\" data-element_type=\"container\" data-e-type=\"container\">\n\t\t\t\t\t<div class=\"e-con-inner\">\n\t\t\t\t<div class=\"elementor-element elementor-element-6424e231 elementor-widget elementor-widget-heading\" data-id=\"6424e231\" data-element_type=\"widget\" data-e-type=\"widget\" data-widget_type=\"heading.default\">\n\t\t\t\t<div class=\"elementor-widget-container\">\n\t\t\t\t\t<h2 class=\"elementor-heading-title elementor-size-default\">8. A Jardins Express oferece garantias nos servi\u00e7os prestados?<\/h2>\t\t\t\t<\/div>\n\t\t\t\t<\/div>\n\t\t\t\t\t<\/div>\n\t\t\t\t<\/div>\n\t\t<div class=\"elementor-element elementor-element-1f37799a e-flex e-con-boxed e-con e-parent\" data-id=\"1f37799a\" data-element_type=\"container\" data-e-type=\"container\">\n\t\t\t\t\t<div class=\"e-con-inner\">\n\t\t\t\t<div class=\"elementor-element elementor-element-6160f9c4 elementor-widget elementor-widget-text-editor\" data-id=\"6160f9c4\" data-element_type=\"widget\" data-e-type=\"widget\" data-widget_type=\"text-editor.default\">\n\t\t\t\t<div class=\"elementor-widget-container\">\n\t\t\t\t\t\t\t\t\t<p><strong>Sim! Todos os nossos servi\u00e7os s\u00e3o realizados com a m\u00e1xima qualidade e garantimos a sua satisfa\u00e7\u00e3o. Oferecemos garantias espec\u00edficas dependendo do tipo de servi\u00e7o (como a instala\u00e7\u00e3o de relva sint\u00e9tica ou sistemas de rega), para assegurar que o trabalho est\u00e1 conforme o combinado.<\/strong><\/p>\t\t\t\t\t\t\t\t<\/div>\n\t\t\t\t<\/div>\n\t\t\t\t\t<\/div>\n\t\t\t\t<\/div>\n\t\t<div class=\"elementor-element elementor-element-5d9eaebb e-flex e-con-boxed e-con e-parent\" data-id=\"5d9eaebb\" data-element_type=\"container\" data-e-type=\"container\">\n\t\t\t\t\t<div class=\"e-con-inner\">\n\t\t\t\t<div class=\"elementor-element elementor-element-5f7bf3c3 elementor-widget elementor-widget-heading\" data-id=\"5f7bf3c3\" data-element_type=\"widget\" data-e-type=\"widget\" data-widget_type=\"heading.default\">\n\t\t\t\t<div class=\"elementor-widget-container\">\n\t\t\t\t\t<h2 class=\"elementor-heading-title elementor-size-default\">9. Como posso contactar a Jardins Express?<\/h2>\t\t\t\t<\/div>\n\t\t\t\t<\/div>\n\t\t\t\t\t<\/div>\n\t\t\t\t<\/div>\n\t\t<div class=\"elementor-element elementor-element-42b8d363 e-flex e-con-boxed e-con e-parent\" data-id=\"42b8d363\" data-element_type=\"container\" data-e-type=\"container\">\n\t\t\t\t\t<div class=\"e-con-inner\">\n\t\t\t\t<div class=\"elementor-element elementor-element-4b9a239a elementor-widget elementor-widget-text-editor\" data-id=\"4b9a239a\" data-element_type=\"widget\" data-e-type=\"widget\" data-widget_type=\"text-editor.default\">\n\t\t\t\t<div class=\"elementor-widget-container\">\n\t\t\t\t\t\t\t\t\t<p><strong>Pode entrar em contacto connosco atrav\u00e9s do nosso formul\u00e1rio de contacto, pelo telefone +351 912 237 012, ou por email <a rel=\"noopener\">info@jardinsexpress.pt<\/a>. Estamos dispon\u00edveis para tirar qualquer d\u00favida ou esclarecer detalhes sobre o seu projeto.<\/strong><\/p>\t\t\t\t\t\t\t\t<\/div>\n\t\t\t\t<\/div>\n\t\t\t\t\t<\/div>\n\t\t\t\t<\/div>\n\t\t\t\t<\/div>\n\t\t","protected":false},"excerpt":{"rendered":"<p>Perguntas Frequentes (FAQ) 1. Quais s\u00e3o os servi\u00e7os que a Jardins Express oferece? Oferecemos uma vasta gama de servi\u00e7os de jardinagem, incluindo: Design e Constru\u00e7\u00e3o de Jardins Manuten\u00e7\u00e3o de Jardins Instala\u00e7\u00e3o de Relva Sint\u00e9tica Sistemas de Rega Sustent\u00e1vel Recupera\u00e7\u00e3o de Espa\u00e7os Verdes&nbsp; &nbsp; Cada projeto \u00e9 personalizado para atender \u00e0s necessidades espec\u00edficas dos nossos clientes. [&hellip;]<\/p>\n","protected":false},"author":1,"featured_media":0,"parent":0,"menu_order":0,"comment_status":"closed","ping_status":"closed","template":"elementor_header_footer","meta":{"_themeisle_gutenberg_block_has_review":false,"_joinchat":[],"footnotes":""},"class_list":["post-282","page","type-page","status-publish","hentry"],"aioseo_notices":[],"jetpack_sharing_enabled":true,"_links":{"self":[{"href":"https:\/\/jardinsexpress.pt\/index.php\/wp-json\/wp\/v2\/pages\/282","targetHints":{"allow":["GET"]}}],"collection":[{"href":"https:\/\/jardinsexpress.pt\/index.php\/wp-json\/wp\/v2\/pages"}],"about":[{"href":"https:\/\/jardinsexpress.pt\/index.php\/wp-json\/wp\/v2\/types\/page"}],"author":[{"embeddable":true,"href":"https:\/\/jardinsexpress.pt\/index.php\/wp-json\/wp\/v2\/users\/1"}],"replies":[{"embeddable":true,"href":"https:\/\/jardinsexpress.pt\/index.php\/wp-json\/wp\/v2\/comments?post=282"}],"version-history":[{"count":4,"href":"https:\/\/jardinsexpress.pt\/index.php\/wp-json\/wp\/v2\/pages\/282\/revisions"}],"predecessor-version":[{"id":287,"href":"https:\/\/jardinsexpress.pt\/index.php\/wp-json\/wp\/v2\/pages\/282\/revisions\/287"}],"wp:attachment":[{"href":"https:\/\/jardinsexpress.pt\/index.php\/wp-json\/wp\/v2\/media?parent=282"}],"curies":[{"name":"wp","href":"https:\/\/api.w.org\/{rel}","templated":true}]}}